{"id":32,"date":"2016-08-30T00:53:10","date_gmt":"2016-08-29T22:53:10","guid":{"rendered":"http:\/\/nicolai-bigo.com\/?page_id=32"},"modified":"2025-11-12T16:35:25","modified_gmt":"2025-11-12T15:35:25","slug":"demarche-artistique","status":"publish","type":"page","link":"http:\/\/www.nicolai-bigo.com\/","title":{"rendered":"D\u00e9marche artistique"},"content":{"rendered":"<p>&nbsp;<\/p>\n<p style=\"text-align: justify;\">Nicola\u00ef (Nicolas Bigo) est n\u00e9 en 1955 \u00e0 <span style=\"font-size: inherit;\">L<\/span><span style=\"font-size: inherit;\">ille. Apr\u00e8s des \u00e9tudes d\u2019arts graphiques \u00e0 l\u2019Institut Saint-Luc \u00e0 Tournai, il<\/span><span style=\"font-size: inherit;\">\u00a0commence \u00e0 peindre en 1977. <\/span><\/p>\n<p style=\"text-align: justify;\"><span style=\"font-size: inherit;\">Premi\u00e8re exposition personnelle au Casino-Kursaal d&rsquo;Ostende la m\u00eame ann\u00e9e, puis Jacqueline Storme l&rsquo;invite \u00e0 exposer dans sa galerie lilloise d\u00e8s 1980 et tout au long de la d\u00e9cennie. Il participe alors au Salon de la Jeune Peinture au Grand Palais \u00e0 Paris et aux expositions \u00ab\u00a0Le Stade\u00a0\u00bb, au Palais des Beaux-Arts de Lille en 1983, \u00ab\u00a0Hommage \u00e0 Tintin\u00a0\u00bb, au Mus\u00e9e d&rsquo;Art Contemporain de Dunkerque en 1985, \u00ab\u00a0Histoires Naturelles\u00a0\u00bb, au Mus\u00e9um d&rsquo;Histoire Naturelle de Paris en 2003. Laur\u00e9at de la Fondation Wicar de la Ville de Lille en 1999, il s\u00e9journe six mois \u00e0 Rome. Il est invit\u00e9 \u00e0 exposer son travail romain au Palais Rihour \u00e0 Lille dans le cadre de Lille, capitale europ\u00e9enne de la Culture en 2004. Durant l&rsquo;\u00e9t\u00e9 2024, l&rsquo;Espace Culturel le Minorelle \u00e0 Marcq-en-Baroeul accueille\u00a0 35 de ses oeuvres de 1989 \u00e0 2024.\u00a0<\/span><\/p>\n<p style=\"text-align: justify;\"><span style=\"font-size: inherit;\"><span style=\"font-size: revert; text-align: justify; color: initial;\">Ses \u0153uvres sont pr\u00e9sentes dans les collections du mus\u00e9e des Beaux-Arts d\u2019Ostende, du Fonds National d\u2019Art Contemporain de Paris, du LAM, mus\u00e9e d\u2019Art Moderne, d&rsquo;Art Contemporain et d&rsquo;Art Brut de Lille, des villes de Sallaumines et de Lille, de la Banque Populaire du Val de France\u2026<\/span><\/span><\/p>\n<figure id=\"attachment_1955\" aria-describedby=\"caption-attachment-1955\" style=\"width: 150px\" class=\"wp-caption alignleft\"><img loading=\"lazy\" decoding=\"async\" class=\"wp-image-1955 size-thumbnail\" src=\"http:\/\/www.nicolai-bigo.com\/wp-content\/uploads\/2025\/11\/Vapeurs-40x40-1-150x150.jpg\" alt=\"\" width=\"150\" height=\"150\" srcset=\"http:\/\/www.nicolai-bigo.com\/wp-content\/uploads\/2025\/11\/Vapeurs-40x40-1-150x150.jpg 150w, http:\/\/www.nicolai-bigo.com\/wp-content\/uploads\/2025\/11\/Vapeurs-40x40-1-300x297.jpg 300w\" sizes=\"auto, (max-width: 150px) 100vw, 150px\" \/><figcaption id=\"caption-attachment-1955\" class=\"wp-caption-text\">Vapeurs, acrylique sur toile, 40x40cm, 2025<\/figcaption><\/figure>\n<p style=\"text-align: justify;\"><span style=\"font-size: inherit;\"><span style=\"font-size: revert; text-align: justify; color: initial;\">Sa peinture se situe dans le champ d\u2019une figuration de type narratif. Il s\u2019agit de fiction o\u00f9 la mise en relation de th\u00e8mes r\u00e9currents (architectures, mobilier, animaux, v\u00e9g\u00e9taux) induit une atmosph\u00e8re onirique et atemporelle. Ces rencontres surprenantes permettent d\u2019interroger les fronti\u00e8res poreuses entre l\u2019homme et l\u2019animal. La singularit\u00e9 des images de Nicola\u00ef pose la question de l\u2019enfermement de l\u2019Homme dans sa solitude urbaine et contemporaine.<\/span><\/span><\/p>\n<p style=\"text-align: justify;\"><a href=\"https:\/\/www.facebook.com\/nicolai.bigo\" target=\"_blank\" rel=\"noopener noreferrer\">Facebook<\/a> | <a href=\"https:\/\/fr.wikipedia.org\/wiki\/Nicola\u00ef_Bigo\" target=\"_blank\" rel=\"noopener noreferrer\">Wikip\u00e9dia<\/a><em><br \/><\/em><\/p>\n<p style=\"text-align: center;\"><span style=\"color: #33cccc;\"><em>singes\/baln\u00e9aires \/egypte \/jungles \/envols \/rome \/antiques \/nature morte \/design \/pastorales \/pop art \/figuration narrative \/fondation wicar \/artiste peintre \/lille <\/em><\/span>\u00a9 adagp<\/p>\n<p style=\"text-align: center;\">\u00a0<\/p>\n\n\n<p><\/p>\n","protected":false},"excerpt":{"rendered":"<p>&nbsp; Nicola\u00ef (Nicolas Bigo) est n\u00e9 en 1955 \u00e0 Lille. Apr\u00e8s des \u00e9tudes d\u2019arts graphiques \u00e0 l\u2019Institut Saint-Luc \u00e0 Tournai, il\u00a0commence \u00e0 peindre en 1977. Premi\u00e8re exposition personnelle au Casino-Kursaal d&rsquo;Ostende la m\u00eame ann\u00e9e, puis Jacqueline Storme l&rsquo;invite \u00e0 exposer dans sa galerie lilloise d\u00e8s 1980 et tout au long de la d\u00e9cennie. Il participe [&hellip;]<\/p>\n","protected":false},"author":1,"featured_media":262,"parent":0,"menu_order":1,"comment_status":"closed","ping_status":"closed","template":"","meta":{"footnotes":""},"class_list":["post-32","page","type-page","status-publish","has-post-thumbnail","hentry"],"_links":{"self":[{"href":"http:\/\/www.nicolai-bigo.com\/index.php\/wp-json\/wp\/v2\/pages\/32","targetHints":{"allow":["GET"]}}],"collection":[{"href":"http:\/\/www.nicolai-bigo.com\/index.php\/wp-json\/wp\/v2\/pages"}],"about":[{"href":"http:\/\/www.nicolai-bigo.com\/index.php\/wp-json\/wp\/v2\/types\/page"}],"author":[{"embeddable":true,"href":"http:\/\/www.nicolai-bigo.com\/index.php\/wp-json\/wp\/v2\/users\/1"}],"replies":[{"embeddable":true,"href":"http:\/\/www.nicolai-bigo.com\/index.php\/wp-json\/wp\/v2\/comments?post=32"}],"version-history":[{"count":104,"href":"http:\/\/www.nicolai-bigo.com\/index.php\/wp-json\/wp\/v2\/pages\/32\/revisions"}],"predecessor-version":[{"id":1962,"href":"http:\/\/www.nicolai-bigo.com\/index.php\/wp-json\/wp\/v2\/pages\/32\/revisions\/1962"}],"wp:featuredmedia":[{"embeddable":true,"href":"http:\/\/www.nicolai-bigo.com\/index.php\/wp-json\/wp\/v2\/media\/262"}],"wp:attachment":[{"href":"http:\/\/www.nicolai-bigo.com\/index.php\/wp-json\/wp\/v2\/media?parent=32"}],"curies":[{"name":"wp","href":"https:\/\/api.w.org\/{rel}","templated":true}]}}